{"id":2327,"date":"2019-03-06T12:47:36","date_gmt":"2019-03-06T12:47:36","guid":{"rendered":"https:\/\/terradobacalhau.com\/educate-yourself\/"},"modified":"2019-03-06T15:26:55","modified_gmt":"2019-03-06T15:26:55","slug":"educate-yourself","status":"publish","type":"page","link":"https:\/\/terradobacalhau.com\/en\/educate-yourself\/","title":{"rendered":"Educate Yourself"},"content":{"rendered":"<p>[et_pb_section bb_built=&#8221;1&#8243; fullwidth=&#8221;on&#8221; _builder_version=&#8221;3.0.47&#8243; next_background_color=&#8221;#000000&#8243;][et_pb_fullwidth_slider _builder_version=&#8221;3.9&#8243; background_position=&#8221;top_left&#8221; box_shadow_style=&#8221;preset6&#8243; box_shadow_blur=&#8221;10px&#8221; box_shadow_color=&#8221;rgba(0,0,0,0.1)&#8221; custom_padding=&#8221;|||&#8221; remove_inner_shadow=&#8221;off&#8221; hide_content_on_mobile=&#8221;off&#8221; hide_cta_on_mobile=&#8221;off&#8221; show_inner_shadow=&#8221;on&#8221;][et_pb_slide use_bg_overlay=&#8221;off&#8221; use_text_overlay=&#8221;off&#8221; _builder_version=&#8221;3.9&#8243; header_font=&#8221;||||&#8221; body_font=&#8221;||||&#8221; background_color=&#8221;#ffffff&#8221; background_image=&#8221;https:\/\/terradobacalhau.com\/wp\/wp-content\/uploads\/2016\/04\/faqs-header.jpg&#8221; background_position=&#8221;bottom_left&#8221; button_on_hover=&#8221;on&#8221;][\/et_pb_slide][\/et_pb_fullwidth_slider][\/et_pb_section][et_pb_section bb_built=&#8221;1&#8243; _builder_version=&#8221;3.0.47&#8243; prev_background_color=&#8221;#000000&#8243;][et_pb_row _builder_version=&#8221;3.0.48&#8243; background_size=&#8221;initial&#8221; background_position=&#8221;top_left&#8221; background_repeat=&#8221;repeat&#8221;][et_pb_column type=&#8221;2_3&#8243;][et_pb_text _builder_version=&#8221;3.9&#8243;]<\/p>\n<h1><strong>How to soak<\/strong><\/h1>\n<p>Salt cod is dried, salted cod that needs to be re-hydrated and de-salted before use. The time to soak ready-to-cook cured cod depends which part of the fish you are soaking and also its size. There are however some general tips on how to soak your cod perfectly ready-to-cook.<\/p>\n<ul>\n<li>Rinse superfluous salt off from the fish by running cold tap water over the fish.<\/li>\n<li>Place the fish in a container that goes into the refrigerator. The fish skin should be facing up.<\/li>\n<li>Change the water every 24 hours, always with cold water.<\/li>\n<\/ul>\n<p><strong>Tips: Whole, cut fish<\/strong><\/p>\n<p>Recommended soaking time is 3 to 4 days. In the mean time check the thinnest parts, with around 1 cm thickness, by tasting them. Take them out if they are done, and leave the thickest pieces to soak the whole time.<\/p>\n<p><strong>Tips: Cured shredded cod \u201cdesfiado\u201d, tongues and swim bladder.<\/strong><\/p>\n<p>Rinse in cold water, then leave to soak in cold water between 12 and 15 hours. The fish can be prepared immediately.<\/p>\n<p><strong>Tips: CodBag<\/strong><\/p>\n<ul>\n<li>Unscrew the cap, tear off the safety protection and fill the Codbag with cold water up to the indicated mark.<\/li>\n<li>Screw the cork and place in the refrigerator.<\/li>\n<li>Change the water every 24 hours.<\/li>\n<\/ul>\n<p><strong>Soaking time Codbag: <\/strong><\/p>\n<p>CodBag loins, with or without loins: 3 to 4 days<br \/>\nCodBag Shredded \u201cDesfiado\u201d: 12 to 24 hours.<\/p>\n<p>[\/et_pb_text][\/et_pb_column][et_pb_column type=&#8221;1_3&#8243;][et_pb_image src=&#8221;https:\/\/terradobacalhau.com\/wp\/wp-content\/uploads\/2018\/08\/Untitled_00024.jpg&#8221; _builder_version=&#8221;3.9&#8243;]<br \/>\n[\/et_pb_image][\/et_pb_column][\/et_pb_row][et_pb_row _builder_version=&#8221;3.0.48&#8243; background_size=&#8221;initial&#8221; background_position=&#8221;top_left&#8221; background_repeat=&#8221;repeat&#8221;][et_pb_column type=&#8221;4_4&#8243;][et_pb_divider _builder_version=&#8221;3.9&#8243;]<br \/>\n[\/et_pb_divider][\/et_pb_column][\/et_pb_row][et_pb_row _builder_version=&#8221;3.0.48&#8243; background_size=&#8221;initial&#8221; background_position=&#8221;top_left&#8221; background_repeat=&#8221;repeat&#8221;][et_pb_column type=&#8221;2_3&#8243;][et_pb_text _builder_version=&#8221;3.9&#8243;]<\/p>\n<h1><strong>How to store<\/strong><\/h1>\n<p>Cured cod in its dry state should be stored in the packaging in a cool, dark place (between 0- 7\u00baC).<\/p>\n<p>After the fish is soaked, it should be prepared immediately or stored in the freezer. Dried cured cod should not be stored in the freezer.<\/p>\n<p>[\/et_pb_text][\/et_pb_column][et_pb_column type=&#8221;1_3&#8243;][et_pb_image src=&#8221;https:\/\/terradobacalhau.com\/wp\/wp-content\/uploads\/2016\/02\/capa2_00038.jpg&#8221; _builder_version=&#8221;3.9&#8243;]<br \/>\n[\/et_pb_image][\/et_pb_column][\/et_pb_row][et_pb_row _builder_version=&#8221;3.0.48&#8243; background_size=&#8221;initial&#8221; background_position=&#8221;top_left&#8221; background_repeat=&#8221;repeat&#8221;][et_pb_column type=&#8221;4_4&#8243;][et_pb_divider _builder_version=&#8221;3.9&#8243;]<br \/>\n[\/et_pb_divider][\/et_pb_column][\/et_pb_row][et_pb_row _builder_version=&#8221;3.0.48&#8243; background_size=&#8221;initial&#8221; background_position=&#8221;top_left&#8221; background_repeat=&#8221;repeat&#8221;][et_pb_column type=&#8221;2_3&#8243;][et_pb_text _builder_version=&#8221;3.9&#8243;]<\/p>\n<h1><strong>The importance of a good cure<\/strong><\/h1>\n<p>To get the best quality it is important that cured cod from <strong>Terra do Bacalhau <\/strong>is cured in salt for 9 months. This ensures the cod obtains a unique, cured taste, a light straw yellow colour and flakes perfectly after preparation.<\/p>\n<p>[\/et_pb_text][\/et_pb_column][et_pb_column type=&#8221;1_3&#8243;][et_pb_image src=&#8221;https:\/\/terradobacalhau.com\/wp\/wp-content\/uploads\/2016\/02\/Untitled_00001.jpg&#8221; _builder_version=&#8221;3.9&#8243;]<br \/>\n[\/et_pb_image][\/et_pb_column][\/et_pb_row][et_pb_row _builder_version=&#8221;3.0.48&#8243; background_size=&#8221;initial&#8221; background_position=&#8221;top_left&#8221; background_repeat=&#8221;repeat&#8221;][et_pb_column type=&#8221;4_4&#8243;][et_pb_divider _builder_version=&#8221;3.9&#8243;]<br \/>\n[\/et_pb_divider][\/et_pb_column][\/et_pb_row][et_pb_row _builder_version=&#8221;3.0.48&#8243; background_size=&#8221;initial&#8221; background_position=&#8221;top_left&#8221; background_repeat=&#8221;repeat&#8221;][et_pb_column type=&#8221;2_3&#8243;][et_pb_text _builder_version=&#8221;3.9&#8243;]<\/p>\n<h1><strong>O Nosso Cod Bag\u00ae<\/strong><\/h1>\n<p><strong>Cod Bag\u00ae<\/strong><\/p>\n<p>Demolhar bacalhau nunca foi t\u00e3o f\u00e1cuil.<br \/>\nAgora pode demolhar o verdadeiro Bacalhau da Noruega preparado de forma artesanal e com 9 meses de cura sem ter de o retirar da embalagem. Simples e pratico!<\/p>\n<ul>\n<li>Abra a tampa, retire a protec\u00e7\u00e3o de seguran\u00e7a e encha o CodBag com \u00e1gua fria at\u00e9 ao limite indicado.<\/li>\n<li>Feche e coloque no frigor\u00edfico.<\/li>\n<li>Mude a \u00e1gua de 24 em 24 horas.<\/li>\n<\/ul>\n<p><strong>Tempos de demolha: <\/strong><br \/>\nCodBag lombos com e sem espinha: 3 a 4 dias<br \/>\nCodBag bacakhau desfiado: 12 a 24 horas.<\/p>\n<p>&nbsp;<\/p>\n<p>[\/et_pb_text][\/et_pb_column][et_pb_column type=&#8221;1_3&#8243;][et_pb_video src=&#8221;https:\/\/www.youtube.com\/watch?v=H0YjtZETOPo&#8221; _builder_version=&#8221;3.9&#8243;]<br \/>\n[\/et_pb_video][\/et_pb_column][\/et_pb_row][\/et_pb_section]<\/p>\n","protected":false},"excerpt":{"rendered":"<p>How to soak Salt cod is dried, salted cod that needs to be re-hydrated and de-salted before use. The time to soak ready-to-cook cured cod depends which part of the fish you are soaking and also its size. There are however some general tips on how to soak your cod perfectly ready-to-cook. Rinse superfluous salt [&hellip;]<\/p>\n","protected":false},"author":6076,"featured_media":0,"parent":0,"menu_order":0,"comment_status":"closed","ping_status":"closed","template":"","meta":{"_et_pb_use_builder":"on","_et_pb_old_content":"","_et_gb_content_width":""},"_links":{"self":[{"href":"https:\/\/terradobacalhau.com\/en\/wp-json\/wp\/v2\/pages\/2327"}],"collection":[{"href":"https:\/\/terradobacalhau.com\/en\/wp-json\/wp\/v2\/pages"}],"about":[{"href":"https:\/\/terradobacalhau.com\/en\/wp-json\/wp\/v2\/types\/page"}],"author":[{"embeddable":true,"href":"https:\/\/terradobacalhau.com\/en\/wp-json\/wp\/v2\/users\/6076"}],"replies":[{"embeddable":true,"href":"https:\/\/terradobacalhau.com\/en\/wp-json\/wp\/v2\/comments?post=2327"}],"version-history":[{"count":5,"href":"https:\/\/terradobacalhau.com\/en\/wp-json\/wp\/v2\/pages\/2327\/revisions"}],"predecessor-version":[{"id":2332,"href":"https:\/\/terradobacalhau.com\/en\/wp-json\/wp\/v2\/pages\/2327\/revisions\/2332"}],"wp:attachment":[{"href":"https:\/\/terradobacalhau.com\/en\/wp-json\/wp\/v2\/media?parent=2327"}],"curies":[{"name":"wp","href":"https:\/\/api.w.org\/{rel}","templated":true}]}}